{"id":27,"date":"2019-10-22T21:19:01","date_gmt":"2019-10-22T21:19:01","guid":{"rendered":"https:\/\/insumosindustriales.com.co\/?page_id=27"},"modified":"2019-10-25T21:49:49","modified_gmt":"2019-10-25T21:49:49","slug":"nostros","status":"publish","type":"page","link":"https:\/\/insumosindustriales.com.co\/INICIO\/nostros\/","title":{"rendered":"Nosotros"},"content":{"rendered":"\r\n<div id=\"wp-block-themeisle-blocks-advanced-columns-4d529ced\" class=\"wp-block-themeisle-blocks-advanced-columns has-1-columns has-desktop-equal-layout has-tablet-equal-layout has-mobile-equal-layout has-default-gap has-vertical-unset\" style=\"border-radius: 0px; justify-content: unset; border: 0px solid #000000;\">\r\n<div class=\"wp-themeisle-block-overlay\" style=\"opacity: 0.5; mix-blend-mode: normal;\">\u00a0<\/div>\r\n<div class=\"innerblocks-wrap\">\r\n<div id=\"wp-block-themeisle-blocks-advanced-column-289d7538\" class=\"wp-block-themeisle-blocks-advanced-column\" style=\"border-radius: 0px; border: 0px solid #000000;\">\r\n\r\n\r\n<p>&nbsp;<\/p>\r\n\r\n<h1 class=\"wp-block-heading\">INSUMOS INDUSTRIALES IMPORTADOS LTDA<\/h1>\r\n<br \/>\r\n\r\n<hr class=\"wp-block-separator\" \/>\r\n\r\n\r\n<p>&nbsp;<\/p>\r\n\r\n\r\n\r\n<p>Contamos con mas de 20 a\u00f1os de experiencia en labores de venta\u00a0 y distribuci\u00f3n de conectores, terminales y cableado el\u00e9ctrico, adem\u00e1s de la producci\u00f3n, modificaci\u00f3n y dise\u00f1o de arneses el\u00e9ctricos.<\/p>\r\n\r\n\r\n\r\n<p>Con el soporte de investigaci\u00f3n y desarrollo que cuenta la empresa, se ha buscado cumplir con las expectativas y necesidades de nuestros clientes, acordando siempre brindar una excelente calidad a muy buenos precios.\u00a0Cada uno de nuestros\u00a0productos cuenta con la m\u00e1s alta calidad, cumpliendo con las normas y est\u00e1ndares del mercado el\u00e9ctrico colombiano<\/p>\r\n\r\n\r\n\r\n<p>&nbsp;<\/p>\r\n\r\n\r\n\r\n<p>&nbsp;<\/p>\r\n\r\n\r\n\r\n<h1 class=\"wp-block-heading\">POL\u00cdTICA DE CALIDAD<\/h1>\r\n\r\n\r\n\r\n<p>&nbsp;<\/p>\r\n\r\n\r\n\r\n<p>&nbsp;<\/p>\r\n\r\n\r\n\r\n<p>Es pol\u00edtica de <strong>INSUMOS INDUSTRIALES IMPORTADOS LTDA<\/strong>, el compromiso de generar un ambiente interno de confianza y trabajo en equipo que nos permita mejorar continuamente la eficacia de los sistemas de calidad y producci\u00f3n, consiguiendo el logro de las metas proyectadas mediante el aprovechamiento de los recursos a nuestra disposici\u00f3n. Dise\u00f1amos, desarrollamos y fabricamos herramientas de acuerdo a la necesidad de nuestros clientes.\u00a0<\/p>\r\n\r\n\r\n\r\n<p>A fin de garantizar el cumplimiento de nuestras responsabilidades y obligaciones con nuestros clientes, nos basamos en los siguientes principios\u00a0:<\/p>\r\n\r\n\r\n\r\n<ul class=\"wp-block-list\">\r\n<li style=\"list-style-type: none;\">\r\n<ul>\r\n<li>Entregar nuestros productos y\/o\u00a0servicios con alto nivel de calidad y cumpliendo plazos de entregan que\u00a0cumplan las expectativas de los clientes.<\/li>\r\n<\/ul>\r\n<\/li>\r\n<\/ul>\r\n<br \/>\r\n<ul>\r\n<li style=\"list-style-type: none;\">\r\n<ul>\r\n<li>Nuestro equipo de trabajo, esta compuesto por personal cualificado , competente y que actua responsablemente. La responsabilidad y el compromiso mutuo es la clave de nuestro exito.<\/li>\r\n<\/ul>\r\n<\/li>\r\n<\/ul>\r\n<br \/>\r\n<ul>\r\n<li style=\"list-style-type: none;\">\r\n<ul>\r\n<li>Contamos con proveedores de alta calidad y a precios competitivos.<\/li>\r\n<\/ul>\r\n<\/li>\r\n<\/ul>\r\n<br \/>\r\n<ul>\r\n<li style=\"list-style-type: none;\">\r\n<ul>\r\n<li>Integramos la responsabilidad social y las pol\u00edticas de \u00e9tica empresarial en nuestras pr\u00e1cticas de negocios.<\/li>\r\n<\/ul>\r\n<\/li>\r\n<\/ul>\r\n<br \/>\r\n<ul>\r\n<li style=\"list-style-type: none;\">\r\n<ul>\r\n<li>Aplicamos la pol\u00edtica de mejora continua con el objetivo de siempre lograr la mayor calidad en nuestro productos, servicios y procesos.<\/li>\r\n<\/ul>\r\n<\/li>\r\n<\/ul>\r\n<br \/>\r\n\r\n\r\n<ul class=\"wp-block-gallery columns-3 is-cropped wp-block-gallery-1 is-layout-flex wp-block-gallery-is-layout-flex\">\r\n<li class=\"blocks-gallery-item\">\r\n<figure><img loading=\"lazy\" decoding=\"async\" width=\"1024\" height=\"768\" class=\"wp-image-168\" src=\"https:\/\/insumosindustriales.com.co\/wp-content\/uploads\/2019\/10\/354-1024x768.jpg\" alt=\"\" data-id=\"168\" data-link=\"https:\/\/insumosindustriales.com.co\/INICIO\/nostros\/attachment\/354\/\" srcset=\"https:\/\/insumosindustriales.com.co\/wp-content\/uploads\/2019\/10\/354-1024x768.jpg 1024w, https:\/\/insumosindustriales.com.co\/wp-content\/uploads\/2019\/10\/354-300x225.jpg 300w, https:\/\/insumosindustriales.com.co\/wp-content\/uploads\/2019\/10\/354-768x576.jpg 768w, https:\/\/insumosindustriales.com.co\/wp-content\/uploads\/2019\/10\/354-285x214.jpg 285w, https:\/\/insumosindustriales.com.co\/wp-content\/uploads\/2019\/10\/354-600x450.jpg 600w, https:\/\/insumosindustriales.com.co\/wp-content\/uploads\/2019\/10\/354.jpg 1280w\" sizes=\"(max-width: 1024px) 100vw, 1024px\" \/><\/figure>\r\n<\/li>\r\n<li class=\"blocks-gallery-item\">\r\n<figure><img loading=\"lazy\" decoding=\"async\" width=\"768\" height=\"1024\" class=\"wp-image-169\" src=\"https:\/\/insumosindustriales.com.co\/wp-content\/uploads\/2019\/10\/gfdsada-768x1024.jpg\" alt=\"\" data-id=\"169\" data-link=\"https:\/\/insumosindustriales.com.co\/INICIO\/nostros\/gfdsada\/\" srcset=\"https:\/\/insumosindustriales.com.co\/wp-content\/uploads\/2019\/10\/gfdsada-768x1024.jpg 768w, https:\/\/insumosindustriales.com.co\/wp-content\/uploads\/2019\/10\/gfdsada-225x300.jpg 225w, https:\/\/insumosindustriales.com.co\/wp-content\/uploads\/2019\/10\/gfdsada-600x800.jpg 600w, https:\/\/insumosindustriales.com.co\/wp-content\/uploads\/2019\/10\/gfdsada.jpg 960w\" sizes=\"(max-width: 768px) 100vw, 768px\" \/><\/figure>\r\n<\/li>\r\n<li class=\"blocks-gallery-item\">\r\n<figure><img loading=\"lazy\" decoding=\"async\" width=\"768\" height=\"1024\" class=\"wp-image-170\" src=\"https:\/\/insumosindustriales.com.co\/wp-content\/uploads\/2019\/10\/hjlk2j-768x1024.jpg\" alt=\"\" data-id=\"170\" data-link=\"https:\/\/insumosindustriales.com.co\/INICIO\/nostros\/hjlk2j\/\" srcset=\"https:\/\/insumosindustriales.com.co\/wp-content\/uploads\/2019\/10\/hjlk2j-768x1024.jpg 768w, https:\/\/insumosindustriales.com.co\/wp-content\/uploads\/2019\/10\/hjlk2j-225x300.jpg 225w, https:\/\/insumosindustriales.com.co\/wp-content\/uploads\/2019\/10\/hjlk2j-600x800.jpg 600w, https:\/\/insumosindustriales.com.co\/wp-content\/uploads\/2019\/10\/hjlk2j.jpg 893w\" sizes=\"(max-width: 768px) 100vw, 768px\" \/><\/figure>\r\n<\/li>\r\n<\/ul>\r\n\r\n\r\n\r\n<p>&nbsp;<\/p>\r\n\r\n\r\n\r\n<h1 class=\"wp-block-heading\">GESTI\u00d3N EMPRESARIAL<\/h1>\r\n\r\n\r\n\r\n<p>&nbsp;<\/p>\r\n\r\n\r\n\r\n<h2 class=\"wp-block-heading\">VISI\u00d3N<\/h2>\r\n\r\n\r\n\r\n<p>&nbsp;<\/p>\r\n\r\n\r\n\r\n<p><strong>INSUMOS INDUSTRIALES IMPORTADOS LTDA<\/strong>, tiene como visi\u00f3n ser una empresa acreditada, de reconocida influencia en el medio econ\u00f3mico y social del pa\u00eds.<\/p>\r\n\r\n\r\n\r\n<p>&nbsp;<\/p>\r\n\r\n\r\n\r\n<h2 class=\"wp-block-heading\">MISI\u00d3N<\/h2>\r\n\r\n\r\n\r\n<p>&nbsp;<\/p>\r\n\r\n\r\n\r\n<p><strong>INSUMOS INDUSTRIALES IMPORTADOS LTDA<\/strong>, se encuentra comprometida con todos sus clientes, en utilizar las herramientas y experiencia que tiene a su disposici\u00f3n; para ofrecer, la mejor calidad en los productos y servicios que fabrica, a precios competitivos. Tambi\u00e9n a mantener y manejar una escala de valores esenciales, que permitan garantizar al usuario y comprador una atenci\u00f3n excelente.<\/p>\r\n\r\n\r\n\r\n<p>&nbsp;<\/p>\r\n\r\n\r\n\r\n<h2 class=\"wp-block-heading\">VALORES CORPORATIVOS<\/h2>\r\n\r\n\r\n\r\n<p>&nbsp;<\/p>\r\n\r\n\r\n\r\n<ul class=\"wp-block-list\">\r\n<li style=\"list-style-type: none;\">\r\n<ul>\r\n<li>RESPONSABILIDAD: Actuamos en forma responsable en la producci\u00f3n, fabricaci\u00f3n y venta de nuestros productos, cumpliendo con los est\u00e1ndares y normas del mercado.<\/li>\r\n<\/ul>\r\n<\/li>\r\n<\/ul>\r\n<br \/>\r\n<ul>\r\n<li style=\"list-style-type: none;\">\r\n<ul>\r\n<li>CONFIANZA: Nuestra labor se sustenta de la seguridad, eficiencia y razonabilidad que rigen nuestros procesos.<\/li>\r\n<\/ul>\r\n<\/li>\r\n<\/ul>\r\n<br \/>\r\n<ul>\r\n<li style=\"list-style-type: none;\">\r\n<ul>\r\n<li>HONESTIDAD: Obramos con veracidad, integridad, transparencia y rectitud.<\/li>\r\n<\/ul>\r\n<\/li>\r\n<\/ul>\r\n<br \/>\r\n<ul>\r\n<li style=\"list-style-type: none;\">\r\n<ul>\r\n<li>LEALTAD: Compromiso en la entrega de nuestro trabajo, cuidamos el presente y futuro de nuestra de compa\u00f1\u00eda.<\/li>\r\n<\/ul>\r\n<\/li>\r\n<\/ul>\r\n<br \/><\/div>\r\n<\/div>\r\n<\/div>\r\n","protected":false},"excerpt":{"rendered":"","protected":false},"author":1,"featured_media":0,"parent":0,"menu_order":0,"comment_status":"closed","ping_status":"closed","template":"templates\/builder-fullwidth-std.php","meta":{"saved_in_kubio":false,"footnotes":""},"class_list":["post-27","page","type-page","status-publish","hentry"],"kubio_ai_page_context":{"short_desc":"","purpose":"general"},"_links":{"self":[{"href":"https:\/\/insumosindustriales.com.co\/INICIO\/wp-json\/wp\/v2\/pages\/27","targetHints":{"allow":["GET"]}}],"collection":[{"href":"https:\/\/insumosindustriales.com.co\/INICIO\/wp-json\/wp\/v2\/pages"}],"about":[{"href":"https:\/\/insumosindustriales.com.co\/INICIO\/wp-json\/wp\/v2\/types\/page"}],"author":[{"embeddable":true,"href":"https:\/\/insumosindustriales.com.co\/INICIO\/wp-json\/wp\/v2\/users\/1"}],"replies":[{"embeddable":true,"href":"https:\/\/insumosindustriales.com.co\/INICIO\/wp-json\/wp\/v2\/comments?post=27"}],"version-history":[{"count":32,"href":"https:\/\/insumosindustriales.com.co\/INICIO\/wp-json\/wp\/v2\/pages\/27\/revisions"}],"predecessor-version":[{"id":1331,"href":"https:\/\/insumosindustriales.com.co\/INICIO\/wp-json\/wp\/v2\/pages\/27\/revisions\/1331"}],"wp:attachment":[{"href":"https:\/\/insumosindustriales.com.co\/INICIO\/wp-json\/wp\/v2\/media?parent=27"}],"curies":[{"name":"wp","href":"https:\/\/api.w.org\/{rel}","templated":true}]}}